{"id":2,"date":"2021-02-20T11:20:55","date_gmt":"2021-02-20T11:20:55","guid":{"rendered":"https:\/\/seasideblankenberge.be\/fr\/?page_id=2"},"modified":"2025-02-04T15:03:23","modified_gmt":"2025-02-04T15:03:23","slug":"bon-a-savoir","status":"publish","type":"page","link":"https:\/\/seasideblankenberge.be\/fr\/bon-a-savoir\/","title":{"rendered":"Bon \u00e0 savoir"},"content":{"rendered":"<p>[vc_row][vc_column width=&#8221;1\/2&#8243;]<div class=\"qodef-section-title-holder  qodef-st-standard qodef-st-title-left  qodef-st-normal-space  \" >\n\t<div class=\"qodef-st-inner\">\n        \t\t\t\t\t<h2 class=\"qodef-st-title\" >\n\t\t\t\t<span class=\"qodef-st-title-bold\">BON<\/span> <span class=\"qodef-st-title-bold\">\u00c0<\/span> <span class=\"qodef-st-title-bold\">SAVOIR<\/span>\t\t\t<\/h2>\n\t\t\t\t\t\t\t<p class=\"qodef-st-text\" >\n\t\t\t\tAllez-vous bient\u00f4t s\u00e9journer \u00e0 Seaside Blankenberge ? Dans ce cas, nous avons d\u00e9j\u00e0 rassembl\u00e9 quelques informations utiles pour vous.\t\t\t<\/p>\n\t\t\t<\/div>\n<\/div><div class=\"qodef-elements-holder   qodef-one-column  qodef-responsive-mode-768 \" ><div class=\"qodef-eh-item    \"  data-item-class=\"qodef-eh-custom-7652\">\n\t<div class=\"qodef-eh-item-inner\">\n\t\t<div class=\"qodef-eh-item-content qodef-eh-custom-7652\" >\n\t\t\t[vc_column_text]<\/p>\n<h3>R\u00e9ception<\/h3>\n<p>Nous travaillons avec un syst\u00e8me de r\u00e9servation-r\u00e9ception automatis\u00e9. \u00c0 votre arriv\u00e9e \u00e0 l&#8217;h\u00f4tel, vous recevrez les instructions correctes pour entrer dans votre chambre. Il y a toujours un r\u00e9ceptionniste \/ concierge disponible pour r\u00e9pondre aux questions. En cas d&#8217;absence, le num\u00e9ro de t\u00e9l\u00e9phone du concierge sera affich\u00e9 \u00e0 l&#8217;entr\u00e9e de l&#8217;h\u00f4tel.<\/p>\n<h3>Parking<\/h3>\n<p>La r\u00e9ception est accessible en voiture, mais seulement pour une courte p\u00e9riode (chargement et d\u00e9chargement). Vous pouvez vous garer moyennant des frais \u00e0:<\/p>\n<ul>\n<li><a href=\"http:\/\/www.parkingdb.be\/parkings-1.html?rubriekId=1712&amp;taal=nl\">Le port<\/a> \u00e0 100 m\u00e8tres.<\/li>\n<li>Indigo \u00e0 la gare 500 m\u00e8tres.<\/li>\n<li>La place du march\u00e9 \u00e0 50 m\u00e8tres. (Remarque: pas le lundi et le vendredi en raison des jours de march\u00e9 et dans les parkings indiqu\u00e9s)<\/li>\n<li><a href=\"https:\/\/bistrodeperse.be\/parkeren\/\">Parking De Perse<\/a> \u00e0 450 m\u00e8tres.<\/li>\n<\/ul>\n<h3>Installations<\/h3>\n<ul>\n<li>Dans la chambre, vous trouverez une bouilloire avec laquelle vous pouvez pr\u00e9parer du caf\u00e9 et du th\u00e9 gratuitement.<\/li>\n<li>Si vous souhaitez entre-temps des serviettes, du papier toilette ou du maquillage pour la chambre, vous pouvez le commander via les services suppl\u00e9mentaires de votre r\u00e9servation ou \u00e0 la r\u00e9ception pendant les heures d&#8217;ouverture.<\/li>\n<li>Nous pouvons placer un lit b\u00e9b\u00e9 ou enfant dans la plupart des chambres. Les co\u00fbts pour cela sont de 10 \u00e0 25 \u20ac. Nous n&#8217;avons pas de linge pour le b\u00e9b\u00e9 ni les lits b\u00e9b\u00e9.<\/li>\n<\/ul>\n<h3>Petit-d\u00e9jeuner<\/h3>\n<p>Il n&#8217;est actuellement pas possible de prendre le petit-d\u00e9jeuner sur place. Blankenberge offre une gamme d&#8217;options pour savourer un d\u00e9licieux petit-d\u00e9jeuner. Voici quelques recommandations :<\/p>\n<ul>\n<li>Tabou : Rue du G\u00e9n\u00e9ral Leman 5.<\/li>\n<li>&#8216;t Koetshuis : Molenstraat 19.<\/li>\n<li>Cafeti\u00e8re : Molenstraat 48.<\/li>\n<li>Caf\u00e9 Smash : Leopoldstraat 32.<\/li>\n<\/ul>\n<h3>Fumer<\/h3>\n<p>Il est interdit de fumer dans tout l&#8217;h\u00f4tel. Pour les clients qui fument dans la chambre, nous facturons des frais de nettoyage suppl\u00e9mentaires de 50 \u20ac.<\/p>\n<h3>Les autres informations<\/h3>\n<ul>\n<li>Par d\u00e9cision du conseil, une taxe de s\u00e9jour \/ taxe de s\u00e9jour a \u00e9t\u00e9 introduite avec effet au 01-01-2020. Ceci est de 2,50 \u20ac par personne et par nuit (\u00e9galement pour les enfants) et est collect\u00e9 obligatoirement par les h\u00f4tels.<\/li>\n<li>La personne effectuant et signant la r\u00e9servation doit \u00eatre \u00e2g\u00e9e de 25 ans ou plus.<\/li>\n<li>Votre s\u00e9jour n&#8217;a-t-il pas encore \u00e9t\u00e9 pay\u00e9? Le jour avant l&#8217;arriv\u00e9e, nous facturons le montant total (hors taxe de s\u00e9jour) de votre carte de cr\u00e9dit. Souhaitez-vous payer diff\u00e9remment? Merci de nous contacter avant 17h.<\/li>\n<\/ul>\n<p>Des questions?\u00a0<a href=\"mailto:reception@seasideblankenberge.be\" target=\"_blank\" rel=\"noopener\">Envoyez-nous un e-mail<\/a>[\/vc_column_text]\t\t<\/div>\n\t<\/div>\n<\/div><\/div>[\/vc_column][vc_column width=&#8221;1\/2&#8243; css=&#8221;.vc_custom_1620745333701{margin-top: 450px !important;margin-left: 50px !important;}&#8221;]<div class=\"qodef-elements-holder   qodef-one-column  qodef-responsive-mode-768 \" ><div class=\"qodef-eh-item    \"  data-item-class=\"qodef-eh-custom-5742\">\n\t<div class=\"qodef-eh-item-inner\">\n\t\t<div class=\"qodef-eh-item-content qodef-eh-custom-5742\" >\n\t\t\t[vc_single_image image=&#8221;4349&#8243; img_size=&#8221;full&#8221;]\t\t<\/div>\n\t<\/div>\n<\/div><\/div>[\/vc_column][\/vc_row]<\/p>\n","protected":false},"excerpt":{"rendered":"<p>[vc_row][vc_column width=&#8221;1\/2&#8243;][\/vc_column][vc_column width=&#8221;1\/2&#8243; css=&#8221;.vc_custom_1620745333701{margin-top: 450px !important;margin-left: 50px !important;}&#8221;][\/vc_column][\/vc_row]<\/p>\n","protected":false},"author":1,"featured_media":0,"parent":0,"menu_order":0,"comment_status":"closed","ping_status":"closed","template":"","meta":{"footnotes":""},"class_list":["post-2","page","type-page","status-publish","hentry"],"yoast_head":"<!-- This site is optimized with the Yoast SEO plugin v27.5 - https:\/\/yoast.com\/product\/yoast-seo-wordpress\/ -->\n<title>Bon \u00e0 savoir - Seaside Blankenberge<\/title>\n<meta name=\"robots\" content=\"index, follow, max-snippet:-1, max-image-preview:large, max-video-preview:-1\" \/>\n<link rel=\"canonical\" href=\"https:\/\/seasideblankenberge.be\/fr\/bon-a-savoir\/\" \/>\n<meta property=\"og:locale\" content=\"en_US\" \/>\n<meta property=\"og:type\" content=\"article\" \/>\n<meta property=\"og:title\" content=\"Bon \u00e0 savoir - Seaside Blankenberge\" \/>\n<meta property=\"og:description\" content=\"[vc_row][vc_column width=&#8221;1\/2&#8243;][\/vc_column][vc_column width=&#8221;1\/2&#8243; css=&#8221;.vc_custom_1620745333701{margin-top: 450px !important;margin-left: 50px !important;}&#8221;][\/vc_column][\/vc_row]\" \/>\n<meta property=\"og:url\" content=\"https:\/\/seasideblankenberge.be\/fr\/bon-a-savoir\/\" \/>\n<meta property=\"og:site_name\" content=\"Seaside Blankenberge\" \/>\n<meta property=\"article:modified_time\" content=\"2025-02-04T15:03:23+00:00\" \/>\n<meta name=\"twitter:card\" content=\"summary_large_image\" \/>\n<meta name=\"twitter:label1\" content=\"Est. reading time\" \/>\n\t<meta name=\"twitter:data1\" content=\"3 minutes\" \/>\n<script type=\"application\/ld+json\" class=\"yoast-schema-graph\">{\"@context\":\"https:\\\/\\\/schema.org\",\"@graph\":[{\"@type\":\"WebPage\",\"@id\":\"https:\\\/\\\/seasideblankenberge.be\\\/fr\\\/bon-a-savoir\\\/\",\"url\":\"https:\\\/\\\/seasideblankenberge.be\\\/fr\\\/bon-a-savoir\\\/\",\"name\":\"Bon \u00e0 savoir - Seaside Blankenberge\",\"isPartOf\":{\"@id\":\"https:\\\/\\\/seasideblankenberge.be\\\/fr\\\/#website\"},\"datePublished\":\"2021-02-20T11:20:55+00:00\",\"dateModified\":\"2025-02-04T15:03:23+00:00\",\"inLanguage\":\"en-US\",\"potentialAction\":[{\"@type\":\"ReadAction\",\"target\":[\"https:\\\/\\\/seasideblankenberge.be\\\/fr\\\/bon-a-savoir\\\/\"]}]},{\"@type\":\"WebSite\",\"@id\":\"https:\\\/\\\/seasideblankenberge.be\\\/fr\\\/#website\",\"url\":\"https:\\\/\\\/seasideblankenberge.be\\\/fr\\\/\",\"name\":\"Seaside Blankenberge\",\"description\":\"\",\"potentialAction\":[{\"@type\":\"SearchAction\",\"target\":{\"@type\":\"EntryPoint\",\"urlTemplate\":\"https:\\\/\\\/seasideblankenberge.be\\\/fr\\\/?s={search_term_string}\"},\"query-input\":{\"@type\":\"PropertyValueSpecification\",\"valueRequired\":true,\"valueName\":\"search_term_string\"}}],\"inLanguage\":\"en-US\"}]}<\/script>\n<!-- \/ Yoast SEO plugin. -->","yoast_head_json":{"title":"Bon \u00e0 savoir - Seaside Blankenberge","robots":{"index":"index","follow":"follow","max-snippet":"max-snippet:-1","max-image-preview":"max-image-preview:large","max-video-preview":"max-video-preview:-1"},"canonical":"https:\/\/seasideblankenberge.be\/fr\/bon-a-savoir\/","og_locale":"en_US","og_type":"article","og_title":"Bon \u00e0 savoir - Seaside Blankenberge","og_description":"[vc_row][vc_column width=&#8221;1\/2&#8243;][\/vc_column][vc_column width=&#8221;1\/2&#8243; css=&#8221;.vc_custom_1620745333701{margin-top: 450px !important;margin-left: 50px !important;}&#8221;][\/vc_column][\/vc_row]","og_url":"https:\/\/seasideblankenberge.be\/fr\/bon-a-savoir\/","og_site_name":"Seaside Blankenberge","article_modified_time":"2025-02-04T15:03:23+00:00","twitter_card":"summary_large_image","twitter_misc":{"Est. reading time":"3 minutes"},"schema":{"@context":"https:\/\/schema.org","@graph":[{"@type":"WebPage","@id":"https:\/\/seasideblankenberge.be\/fr\/bon-a-savoir\/","url":"https:\/\/seasideblankenberge.be\/fr\/bon-a-savoir\/","name":"Bon \u00e0 savoir - Seaside Blankenberge","isPartOf":{"@id":"https:\/\/seasideblankenberge.be\/fr\/#website"},"datePublished":"2021-02-20T11:20:55+00:00","dateModified":"2025-02-04T15:03:23+00:00","inLanguage":"en-US","potentialAction":[{"@type":"ReadAction","target":["https:\/\/seasideblankenberge.be\/fr\/bon-a-savoir\/"]}]},{"@type":"WebSite","@id":"https:\/\/seasideblankenberge.be\/fr\/#website","url":"https:\/\/seasideblankenberge.be\/fr\/","name":"Seaside Blankenberge","description":"","potentialAction":[{"@type":"SearchAction","target":{"@type":"EntryPoint","urlTemplate":"https:\/\/seasideblankenberge.be\/fr\/?s={search_term_string}"},"query-input":{"@type":"PropertyValueSpecification","valueRequired":true,"valueName":"search_term_string"}}],"inLanguage":"en-US"}]}},"_links":{"self":[{"href":"https:\/\/seasideblankenberge.be\/fr\/wp-json\/wp\/v2\/pages\/2","targetHints":{"allow":["GET"]}}],"collection":[{"href":"https:\/\/seasideblankenberge.be\/fr\/wp-json\/wp\/v2\/pages"}],"about":[{"href":"https:\/\/seasideblankenberge.be\/fr\/wp-json\/wp\/v2\/types\/page"}],"author":[{"embeddable":true,"href":"https:\/\/seasideblankenberge.be\/fr\/wp-json\/wp\/v2\/users\/1"}],"replies":[{"embeddable":true,"href":"https:\/\/seasideblankenberge.be\/fr\/wp-json\/wp\/v2\/comments?post=2"}],"version-history":[{"count":15,"href":"https:\/\/seasideblankenberge.be\/fr\/wp-json\/wp\/v2\/pages\/2\/revisions"}],"predecessor-version":[{"id":5109,"href":"https:\/\/seasideblankenberge.be\/fr\/wp-json\/wp\/v2\/pages\/2\/revisions\/5109"}],"wp:attachment":[{"href":"https:\/\/seasideblankenberge.be\/fr\/wp-json\/wp\/v2\/media?parent=2"}],"curies":[{"name":"wp","href":"https:\/\/api.w.org\/{rel}","templated":true}]}}