{"id":4450,"date":"2021-04-27T10:32:13","date_gmt":"2021-04-27T10:32:13","guid":{"rendered":"https:\/\/seasideblankenberge.be\/fr\/?page_id=4450"},"modified":"2021-05-03T08:05:20","modified_gmt":"2021-05-03T08:05:20","slug":"itineraire","status":"publish","type":"page","link":"https:\/\/seasideblankenberge.be\/fr\/itineraire\/","title":{"rendered":"Itineraire"},"content":{"rendered":"<p>[vc_row][vc_column][vc_gmaps link=&#8221;#E-8_JTNDaWZyYW1lJTIwc3JjJTNEJTIyaHR0cHMlM0ElMkYlMkZ3d3cuZ29vZ2xlLmNvbSUyRm1hcHMlMkZlbWJlZCUzRnBiJTNEJTIxMW0xOCUyMTFtMTIlMjExbTMlMjExZDI0OTMuNzgwMzgzMzk0NjYxNCUyMTJkMy4xMjE1NTA5MTU3NjI4ODQ3JTIxM2Q1MS4zMTUxNjQ2Nzk2MDQwMSUyMTJtMyUyMTFmMCUyMTJmMCUyMTNmMCUyMTNtMiUyMTFpMTAyNCUyMTJpNzY4JTIxNGYxMy4xJTIxM20zJTIxMW0yJTIxMXMweDQ3YzRhYTg3YzM2MjQyYTclMjUzQTB4MWNkNzRmNzEyMzgzYmZkZSUyMTJzWmVlZGlqayUyNTIwOTYlMjUyQyUyNTIwODM3MCUyNTIwQmxhbmtlbmJlcmdlJTI1MkMlMjUyMEJlbGdpcXVlJTIxNWUwJTIxM20yJTIxMXNmciUyMTJzbmwlMjE0djE2MjAwMjg4OTE3OTMlMjE1bTIlMjExc2ZyJTIxMnNubCUyMiUyMHdpZHRoJTNEJTIyNjAwJTIyJTIwaGVpZ2h0JTNEJTIyNDUwJTIyJTIwc3R5bGUlM0QlMjJib3JkZXIlM0EwJTNCJTIyJTIwYWxsb3dmdWxsc2NyZWVuJTNEJTIyJTIyJTIwbG9hZGluZyUzRCUyMmxhenklMjIlM0UlM0MlMkZpZnJhbWUlM0U=&#8221;][\/vc_column][\/vc_row][vc_row][vc_column][vc_column_text]<\/p>\n<p style=\"text-align: center;\">Vous pouvez trouver notre h\u00f4tel au Zeedijk 96, 8370 Blankenberge, Belgi\u00eb.<br \/>\nCliquez <a href=\"https:\/\/goo.gl\/maps\/rPWwfLmN7U7XAPm87\"><strong>ici<\/strong> <\/a>pour le plan d&#8217;acc\u00e8s.<\/p>\n<p>[\/vc_column_text][\/vc_column][\/vc_row]<\/p>\n","protected":false},"excerpt":{"rendered":"<p>[vc_row][vc_column][vc_gmaps link=&#8221;#E-8_JTNDaWZyYW1lJTIwc3JjJTNEJTIyaHR0cHMlM0ElMkYlMkZ3d3cuZ29vZ2xlLmNvbSUyRm1hcHMlMkZlbWJlZCUzRnBiJTNEJTIxMW0xOCUyMTFtMTIlMjExbTMlMjExZDI0OTMuNzgwMzgzMzk0NjYxNCUyMTJkMy4xMjE1NTA5MTU3NjI4ODQ3JTIxM2Q1MS4zMTUxNjQ2Nzk2MDQwMSUyMTJtMyUyMTFmMCUyMTJmMCUyMTNmMCUyMTNtMiUyMTFpMTAyNCUyMTJpNzY4JTIxNGYxMy4xJTIxM20zJTIxMW0yJTIxMXMweDQ3YzRhYTg3YzM2MjQyYTclMjUzQTB4MWNkNzRmNzEyMzgzYmZkZSUyMTJzWmVlZGlqayUyNTIwOTYlMjUyQyUyNTIwODM3MCUyNTIwQmxhbmtlbmJlcmdlJTI1MkMlMjUyMEJlbGdpcXVlJTIxNWUwJTIxM20yJTIxMXNmciUyMTJzbmwlMjE0djE2MjAwMjg4OTE3OTMlMjE1bTIlMjExc2ZyJTIxMnNubCUyMiUyMHdpZHRoJTNEJTIyNjAwJTIyJTIwaGVpZ2h0JTNEJTIyNDUwJTIyJTIwc3R5bGUlM0QlMjJib3JkZXIlM0EwJTNCJTIyJTIwYWxsb3dmdWxsc2NyZWVuJTNEJTIyJTIyJTIwbG9hZGluZyUzRCUyMmxhenklMjIlM0UlM0MlMkZpZnJhbWUlM0U=&#8221;][\/vc_column][\/vc_row][vc_row][vc_column][vc_column_text] Vous pouvez trouver notre h\u00f4tel au Zeedijk 96, 8370 Blankenberge, Belgi\u00eb. Cliquez ici pour le plan d&#8217;acc\u00e8s. [\/vc_column_text][\/vc_column][\/vc_row]<\/p>\n","protected":false},"author":1,"featured_media":0,"parent":0,"menu_order":0,"comment_status":"closed","ping_status":"closed","template":"","meta":{"footnotes":""},"class_list":["post-4450","page","type-page","status-publish","hentry"],"yoast_head":"<!-- This site is optimized with the Yoast SEO plugin v27.6 - https:\/\/yoast.com\/product\/yoast-seo-wordpress\/ -->\n<title>Itineraire - Seaside Blankenberge<\/title>\n<meta name=\"robots\" content=\"index, follow, max-snippet:-1, max-image-preview:large, max-video-preview:-1\" \/>\n<link rel=\"canonical\" href=\"https:\/\/seasideblankenberge.be\/fr\/itineraire\/\" \/>\n<meta property=\"og:locale\" content=\"en_US\" \/>\n<meta property=\"og:type\" content=\"article\" \/>\n<meta property=\"og:title\" content=\"Itineraire - Seaside Blankenberge\" \/>\n<meta property=\"og:description\" content=\"[vc_row][vc_column][vc_gmaps link=&#8221;#E-8_JTNDaWZyYW1lJTIwc3JjJTNEJTIyaHR0cHMlM0ElMkYlMkZ3d3cuZ29vZ2xlLmNvbSUyRm1hcHMlMkZlbWJlZCUzRnBiJTNEJTIxMW0xOCUyMTFtMTIlMjExbTMlMjExZDI0OTMuNzgwMzgzMzk0NjYxNCUyMTJkMy4xMjE1NTA5MTU3NjI4ODQ3JTIxM2Q1MS4zMTUxNjQ2Nzk2MDQwMSUyMTJtMyUyMTFmMCUyMTJmMCUyMTNmMCUyMTNtMiUyMTFpMTAyNCUyMTJpNzY4JTIxNGYxMy4xJTIxM20zJTIxMW0yJTIxMXMweDQ3YzRhYTg3YzM2MjQyYTclMjUzQTB4MWNkNzRmNzEyMzgzYmZkZSUyMTJzWmVlZGlqayUyNTIwOTYlMjUyQyUyNTIwODM3MCUyNTIwQmxhbmtlbmJlcmdlJTI1MkMlMjUyMEJlbGdpcXVlJTIxNWUwJTIxM20yJTIxMXNmciUyMTJzbmwlMjE0djE2MjAwMjg4OTE3OTMlMjE1bTIlMjExc2ZyJTIxMnNubCUyMiUyMHdpZHRoJTNEJTIyNjAwJTIyJTIwaGVpZ2h0JTNEJTIyNDUwJTIyJTIwc3R5bGUlM0QlMjJib3JkZXIlM0EwJTNCJTIyJTIwYWxsb3dmdWxsc2NyZWVuJTNEJTIyJTIyJTIwbG9hZGluZyUzRCUyMmxhenklMjIlM0UlM0MlMkZpZnJhbWUlM0U=&#8221;][\/vc_column][\/vc_row][vc_row][vc_column][vc_column_text] Vous pouvez trouver notre h\u00f4tel au Zeedijk 96, 8370 Blankenberge, Belgi\u00eb. Cliquez ici pour le plan d&#8217;acc\u00e8s. [\/vc_column_text][\/vc_column][\/vc_row]\" \/>\n<meta property=\"og:url\" content=\"https:\/\/seasideblankenberge.be\/fr\/itineraire\/\" \/>\n<meta property=\"og:site_name\" content=\"Seaside Blankenberge\" \/>\n<meta property=\"article:modified_time\" content=\"2021-05-03T08:05:20+00:00\" \/>\n<meta name=\"twitter:card\" content=\"summary_large_image\" \/>\n<meta name=\"twitter:label1\" content=\"Est. reading time\" \/>\n\t<meta name=\"twitter:data1\" content=\"1 minute\" \/>\n<script type=\"application\/ld+json\" class=\"yoast-schema-graph\">{\"@context\":\"https:\\\/\\\/schema.org\",\"@graph\":[{\"@type\":\"WebPage\",\"@id\":\"https:\\\/\\\/seasideblankenberge.be\\\/fr\\\/itineraire\\\/\",\"url\":\"https:\\\/\\\/seasideblankenberge.be\\\/fr\\\/itineraire\\\/\",\"name\":\"Itineraire - Seaside Blankenberge\",\"isPartOf\":{\"@id\":\"https:\\\/\\\/seasideblankenberge.be\\\/fr\\\/#website\"},\"datePublished\":\"2021-04-27T10:32:13+00:00\",\"dateModified\":\"2021-05-03T08:05:20+00:00\",\"inLanguage\":\"en-US\",\"potentialAction\":[{\"@type\":\"ReadAction\",\"target\":[\"https:\\\/\\\/seasideblankenberge.be\\\/fr\\\/itineraire\\\/\"]}]},{\"@type\":\"WebSite\",\"@id\":\"https:\\\/\\\/seasideblankenberge.be\\\/fr\\\/#website\",\"url\":\"https:\\\/\\\/seasideblankenberge.be\\\/fr\\\/\",\"name\":\"Seaside Blankenberge\",\"description\":\"\",\"potentialAction\":[{\"@type\":\"SearchAction\",\"target\":{\"@type\":\"EntryPoint\",\"urlTemplate\":\"https:\\\/\\\/seasideblankenberge.be\\\/fr\\\/?s={search_term_string}\"},\"query-input\":{\"@type\":\"PropertyValueSpecification\",\"valueRequired\":true,\"valueName\":\"search_term_string\"}}],\"inLanguage\":\"en-US\"}]}<\/script>\n<!-- \/ Yoast SEO plugin. -->","yoast_head_json":{"title":"Itineraire - Seaside Blankenberge","robots":{"index":"index","follow":"follow","max-snippet":"max-snippet:-1","max-image-preview":"max-image-preview:large","max-video-preview":"max-video-preview:-1"},"canonical":"https:\/\/seasideblankenberge.be\/fr\/itineraire\/","og_locale":"en_US","og_type":"article","og_title":"Itineraire - Seaside Blankenberge","og_description":"[vc_row][vc_column][vc_gmaps link=&#8221;#E-8_JTNDaWZyYW1lJTIwc3JjJTNEJTIyaHR0cHMlM0ElMkYlMkZ3d3cuZ29vZ2xlLmNvbSUyRm1hcHMlMkZlbWJlZCUzRnBiJTNEJTIxMW0xOCUyMTFtMTIlMjExbTMlMjExZDI0OTMuNzgwMzgzMzk0NjYxNCUyMTJkMy4xMjE1NTA5MTU3NjI4ODQ3JTIxM2Q1MS4zMTUxNjQ2Nzk2MDQwMSUyMTJtMyUyMTFmMCUyMTJmMCUyMTNmMCUyMTNtMiUyMTFpMTAyNCUyMTJpNzY4JTIxNGYxMy4xJTIxM20zJTIxMW0yJTIxMXMweDQ3YzRhYTg3YzM2MjQyYTclMjUzQTB4MWNkNzRmNzEyMzgzYmZkZSUyMTJzWmVlZGlqayUyNTIwOTYlMjUyQyUyNTIwODM3MCUyNTIwQmxhbmtlbmJlcmdlJTI1MkMlMjUyMEJlbGdpcXVlJTIxNWUwJTIxM20yJTIxMXNmciUyMTJzbmwlMjE0djE2MjAwMjg4OTE3OTMlMjE1bTIlMjExc2ZyJTIxMnNubCUyMiUyMHdpZHRoJTNEJTIyNjAwJTIyJTIwaGVpZ2h0JTNEJTIyNDUwJTIyJTIwc3R5bGUlM0QlMjJib3JkZXIlM0EwJTNCJTIyJTIwYWxsb3dmdWxsc2NyZWVuJTNEJTIyJTIyJTIwbG9hZGluZyUzRCUyMmxhenklMjIlM0UlM0MlMkZpZnJhbWUlM0U=&#8221;][\/vc_column][\/vc_row][vc_row][vc_column][vc_column_text] Vous pouvez trouver notre h\u00f4tel au Zeedijk 96, 8370 Blankenberge, Belgi\u00eb. Cliquez ici pour le plan d&#8217;acc\u00e8s. [\/vc_column_text][\/vc_column][\/vc_row]","og_url":"https:\/\/seasideblankenberge.be\/fr\/itineraire\/","og_site_name":"Seaside Blankenberge","article_modified_time":"2021-05-03T08:05:20+00:00","twitter_card":"summary_large_image","twitter_misc":{"Est. reading time":"1 minute"},"schema":{"@context":"https:\/\/schema.org","@graph":[{"@type":"WebPage","@id":"https:\/\/seasideblankenberge.be\/fr\/itineraire\/","url":"https:\/\/seasideblankenberge.be\/fr\/itineraire\/","name":"Itineraire - Seaside Blankenberge","isPartOf":{"@id":"https:\/\/seasideblankenberge.be\/fr\/#website"},"datePublished":"2021-04-27T10:32:13+00:00","dateModified":"2021-05-03T08:05:20+00:00","inLanguage":"en-US","potentialAction":[{"@type":"ReadAction","target":["https:\/\/seasideblankenberge.be\/fr\/itineraire\/"]}]},{"@type":"WebSite","@id":"https:\/\/seasideblankenberge.be\/fr\/#website","url":"https:\/\/seasideblankenberge.be\/fr\/","name":"Seaside Blankenberge","description":"","potentialAction":[{"@type":"SearchAction","target":{"@type":"EntryPoint","urlTemplate":"https:\/\/seasideblankenberge.be\/fr\/?s={search_term_string}"},"query-input":{"@type":"PropertyValueSpecification","valueRequired":true,"valueName":"search_term_string"}}],"inLanguage":"en-US"}]}},"_links":{"self":[{"href":"https:\/\/seasideblankenberge.be\/fr\/wp-json\/wp\/v2\/pages\/4450","targetHints":{"allow":["GET"]}}],"collection":[{"href":"https:\/\/seasideblankenberge.be\/fr\/wp-json\/wp\/v2\/pages"}],"about":[{"href":"https:\/\/seasideblankenberge.be\/fr\/wp-json\/wp\/v2\/types\/page"}],"author":[{"embeddable":true,"href":"https:\/\/seasideblankenberge.be\/fr\/wp-json\/wp\/v2\/users\/1"}],"replies":[{"embeddable":true,"href":"https:\/\/seasideblankenberge.be\/fr\/wp-json\/wp\/v2\/comments?post=4450"}],"version-history":[{"count":4,"href":"https:\/\/seasideblankenberge.be\/fr\/wp-json\/wp\/v2\/pages\/4450\/revisions"}],"predecessor-version":[{"id":4466,"href":"https:\/\/seasideblankenberge.be\/fr\/wp-json\/wp\/v2\/pages\/4450\/revisions\/4466"}],"wp:attachment":[{"href":"https:\/\/seasideblankenberge.be\/fr\/wp-json\/wp\/v2\/media?parent=4450"}],"curies":[{"name":"wp","href":"https:\/\/api.w.org\/{rel}","templated":true}]}}