{"id":448,"date":"2018-04-19T07:43:22","date_gmt":"2018-04-19T07:43:22","guid":{"rendered":"http:\/\/iver.select-themes.com\/?page_id=448"},"modified":"2024-04-23T14:56:32","modified_gmt":"2024-04-23T14:56:32","slug":"contact","status":"publish","type":"page","link":"https:\/\/seasideblankenberge.be\/fr\/contact\/","title":{"rendered":"Contact"},"content":{"rendered":"<p>[vc_row gap=&#8221;35&#8243; row_content_width=&#8221;grid&#8221; css=&#8221;.vc_custom_1526638107972{padding-top: 81px !important;padding-bottom: 77px !important;}&#8221;][vc_column offset=&#8221;vc_col-lg-6 vc_col-md-12 vc_col-xs-12&#8243;]<div class=\"qodef-elements-holder   qodef-one-column  qodef-responsive-mode-768 \" ><div class=\"qodef-eh-item qodef-main-home-default-form   \"  data-item-class=\"qodef-eh-custom-6782\">\n\t<div class=\"qodef-eh-item-inner\">\n\t\t<div class=\"qodef-eh-item-content qodef-eh-custom-6782\" style=\"padding: 10px 2.7% 0 0\">\n\t\t\t\n<div class=\"wpcf7 no-js\" id=\"wpcf7-f786-o1\" lang=\"en-US\" dir=\"ltr\" data-wpcf7-id=\"786\">\n<div class=\"screen-reader-response\"><p role=\"status\" aria-live=\"polite\" aria-atomic=\"true\"><\/p> <ul><\/ul><\/div>\n<form action=\"\/fr\/wp-json\/wp\/v2\/pages\/448#wpcf7-f786-o1\" method=\"post\" class=\"wpcf7-form init\" aria-label=\"Contact form\" novalidate=\"novalidate\" data-status=\"init\">\n<fieldset class=\"hidden-fields-container\"><input type=\"hidden\" name=\"_wpcf7\" value=\"786\" \/><input type=\"hidden\" name=\"_wpcf7_version\" value=\"6.1.6\" \/><input type=\"hidden\" name=\"_wpcf7_locale\" value=\"en_US\" \/><input type=\"hidden\" name=\"_wpcf7_unit_tag\" value=\"wpcf7-f786-o1\" \/><input type=\"hidden\" name=\"_wpcf7_container_post\" value=\"0\" \/><input type=\"hidden\" name=\"_wpcf7_posted_data_hash\" value=\"\" \/><input type=\"hidden\" name=\"_wpcf7_recaptcha_response\" value=\"\" \/>\n<\/fieldset>\n<div class=\"qodef-main-home-default-form\">\n\t<p><span class=\"wpcf7-form-control-wrap\" data-name=\"your-email\"><input size=\"40\" maxlength=\"400\" class=\"wpcf7-form-control wpcf7-email wpcf7-validates-as-required wpcf7-text wpcf7-validates-as-email\" aria-required=\"true\" aria-invalid=\"false\" placeholder=\"Adresse \u00e9lectronique *\" value=\"\" type=\"email\" name=\"your-email\" \/><\/span>\n\t<\/p>\n\t<p><span class=\"wpcf7-form-control-wrap\" data-name=\"your-tel\"><input size=\"40\" maxlength=\"400\" class=\"wpcf7-form-control wpcf7-text wpcf7-validates-as-required\" aria-required=\"true\" aria-invalid=\"false\" placeholder=\"Num\u00e9ro de t\u00e9l\u00e9phone *\" value=\"\" type=\"text\" name=\"your-tel\" \/><\/span>\n\t<\/p>\n\t<p><span class=\"wpcf7-form-control-wrap\" data-name=\"your-message\"><textarea cols=\"40\" rows=\"10\" maxlength=\"2000\" class=\"wpcf7-form-control wpcf7-textarea\" aria-invalid=\"false\" placeholder=\"Message (facultatif)\" name=\"your-message\"><\/textarea><\/span>\n\t<\/p>\n\t<div class=\"qodef-submit-holder clearfix\">\n\t\t<div class=\"qodef-cf7-btn-wrapper qodef-fullwidth-btn\">\n\t\t\t<div class=\"qodef-cf7-btn-text-wrapper\">\n\t\t\t\t<p><input class=\"wpcf7-form-control wpcf7-submit has-spinner\" type=\"submit\" value=\"Envoyer\" \/>\n\t\t\t\t<\/p>\n\t\t\t<\/div>\n\t\t\t<div class=\"qodef-cf7-btn-bgrnd-wrapper\">\n\t\t\t\t<div class=\"qodef-cf7-btn-bgrnd-idle\">\n\t\t\t\t<\/div>\n\t\t\t\t<div class=\"qodef-cf7-btn-bgrnd-hover\">\n\t\t\t\t<\/div>\n\t\t\t<\/div>\n\t\t<\/div>\n\t<\/div>\n<\/div><div class=\"wpcf7-response-output\" aria-hidden=\"true\"><\/div>\n<\/form>\n<\/div>\n\t\t<\/div>\n\t<\/div>\n<\/div><\/div>[\/vc_column][vc_column offset=&#8221;vc_col-lg-6 vc_col-md-12 vc_col-xs-12&#8243;]<div class=\"qodef-elements-holder   qodef-one-column  qodef-responsive-mode-768 \" ><div class=\"qodef-eh-item    \"  data-item-class=\"qodef-eh-custom-7518\">\n\t<div class=\"qodef-eh-item-inner\">\n\t\t<div class=\"qodef-eh-item-content qodef-eh-custom-7518\" >\n\t\t\t<div class=\"qodef-section-title-holder  qodef-st-standard qodef-st-title-left  qodef-st-normal-space  \" >\n\t<div class=\"qodef-st-inner\">\n        \t\t\t\t\t<h2 class=\"qodef-st-title\" >\n\t\t\t\tNou scontacter\t\t\t<\/h2>\n\t\t\t\t\t<\/div>\n<\/div>[vc_column_text]As-tu une question? N&#8217;h\u00e9sitez pas \u00e0 remplir le formulaire de contact.<br \/>\nNous r\u00e9pondons toujours.<\/p>\n<p>Vous souhaitez nous parler par t\u00e9l\u00e9phone ?<\/p>\n<p>N&#8217;h\u00e9sitez pas \u00e0 nous appeler : 0032 0 50 41 77 52[\/vc_column_text]\t\t<\/div>\n\t<\/div>\n<\/div><\/div>[vc_empty_space height=&#8221;19px&#8221;][vc_row_inner][vc_column_inner]<div class=\"qodef-elements-holder   qodef-one-column  qodef-responsive-mode-768 \" ><div class=\"qodef-eh-item    \"  data-item-class=\"qodef-eh-custom-7369\" data-768-1024=\"0 22% 0 0\">\n\t<div class=\"qodef-eh-item-inner\">\n\t\t<div class=\"qodef-eh-item-content qodef-eh-custom-7369\" >\n\t\t\t[vc_column_text]<\/p>\n<h3>SeaSide Blankenberge<\/h3>\n<p>[\/vc_column_text][vc_empty_space height=&#8221;10px&#8221;]<div class=\"qodef-iwt clearfix  qodef-iwt-icon-left qodef-iwt-icon-medium\">\n\t<div class=\"qodef-iwt-icon\">\n\t\t\t\t\t<a itemprop=\"url\" href=\"mailto:reception@seasideblankenberge.be\" target=\"_self\">\n\t\t\t\t\t\t\t\t\t    <span class=\"qodef-icon-shortcode qodef-normal   qodef-icon-medium\"  data-color=\"#000000\">\n                    <span aria-hidden=\"true\" class=\"qodef-icon-font-elegant icon_comment qodef-icon-element\" style=\"color: #000000;font-size:15px\" ><\/span>            <\/span>\n\t\t\t\t\t\t\t\t<\/a>\n\t\t\t<\/div>\n\t<div class=\"qodef-iwt-content\" >\n\t\t\t\t\t\t\t<p class=\"qodef-iwt-text\" >\n                                        reception@seasideblankenberge.be                            <\/p>\n\t\t\t<\/div>\n<\/div><div class=\"qodef-iwt clearfix  qodef-iwt-icon-left qodef-iwt-icon-medium\">\n\t<div class=\"qodef-iwt-icon\">\n\t\t\t\t\t\t\t\t\t    <span class=\"qodef-icon-shortcode qodef-normal   qodef-icon-medium\"  data-color=\"#000000\">\n                    <span aria-hidden=\"true\" class=\"qodef-icon-font-elegant icon_pin qodef-icon-element\" style=\"color: #000000;font-size:15px\" ><\/span>            <\/span>\n\t\t\t\t\t\t<\/div>\n\t<div class=\"qodef-iwt-content\" >\n\t\t\t\t\t\t\t<p class=\"qodef-iwt-text\" >\n                                        Zeedijk 96-103, 8370 Blankenberge                            <\/p>\n\t\t\t<\/div>\n<\/div>\t\t<\/div>\n\t<\/div>\n<\/div><\/div>[\/vc_column_inner][\/vc_row_inner][\/vc_column][\/vc_row]<\/p>\n","protected":false},"excerpt":{"rendered":"<p>[vc_row gap=&#8221;35&#8243; row_content_width=&#8221;grid&#8221; css=&#8221;.vc_custom_1526638107972{padding-top: 81px !important;padding-bottom: 77px !important;}&#8221;][vc_column offset=&#8221;vc_col-lg-6 vc_col-md-12 vc_col-xs-12&#8243;][\/vc_column][vc_column offset=&#8221;vc_col-lg-6 vc_col-md-12 vc_col-xs-12&#8243;][vc_empty_space height=&#8221;19px&#8221;][vc_row_inner][vc_column_inner][\/vc_column_inner][\/vc_row_inner][\/vc_column][\/vc_row]<\/p>\n","protected":false},"author":1,"featured_media":0,"parent":0,"menu_order":0,"comment_status":"closed","ping_status":"closed","template":"full-width.php","meta":{"footnotes":""},"class_list":["post-448","page","type-page","status-publish","hentry"],"yoast_head":"<!-- This site is optimized with the Yoast SEO plugin v27.6 - https:\/\/yoast.com\/product\/yoast-seo-wordpress\/ -->\n<title>Contact - Seaside Blankenberge<\/title>\n<meta name=\"robots\" content=\"index, follow, max-snippet:-1, max-image-preview:large, max-video-preview:-1\" \/>\n<link rel=\"canonical\" href=\"https:\/\/seasideblankenberge.be\/fr\/contact\/\" \/>\n<meta property=\"og:locale\" content=\"en_US\" \/>\n<meta property=\"og:type\" content=\"article\" \/>\n<meta property=\"og:title\" content=\"Contact - Seaside Blankenberge\" \/>\n<meta property=\"og:description\" content=\"[vc_row gap=&#8221;35&#8243; row_content_width=&#8221;grid&#8221; css=&#8221;.vc_custom_1526638107972{padding-top: 81px !important;padding-bottom: 77px !important;}&#8221;][vc_column offset=&#8221;vc_col-lg-6 vc_col-md-12 vc_col-xs-12&#8243;][\/vc_column][vc_column offset=&#8221;vc_col-lg-6 vc_col-md-12 vc_col-xs-12&#8243;][vc_empty_space height=&#8221;19px&#8221;][vc_row_inner][vc_column_inner][\/vc_column_inner][\/vc_row_inner][\/vc_column][\/vc_row]\" \/>\n<meta property=\"og:url\" content=\"https:\/\/seasideblankenberge.be\/fr\/contact\/\" \/>\n<meta property=\"og:site_name\" content=\"Seaside Blankenberge\" \/>\n<meta property=\"article:modified_time\" content=\"2024-04-23T14:56:32+00:00\" \/>\n<meta name=\"twitter:card\" content=\"summary_large_image\" \/>\n<meta name=\"twitter:label1\" content=\"Est. reading time\" \/>\n\t<meta name=\"twitter:data1\" content=\"1 minute\" \/>\n<script type=\"application\/ld+json\" class=\"yoast-schema-graph\">{\"@context\":\"https:\\\/\\\/schema.org\",\"@graph\":[{\"@type\":\"WebPage\",\"@id\":\"https:\\\/\\\/seasideblankenberge.be\\\/fr\\\/contact\\\/\",\"url\":\"https:\\\/\\\/seasideblankenberge.be\\\/fr\\\/contact\\\/\",\"name\":\"Contact - Seaside Blankenberge\",\"isPartOf\":{\"@id\":\"https:\\\/\\\/seasideblankenberge.be\\\/fr\\\/#website\"},\"datePublished\":\"2018-04-19T07:43:22+00:00\",\"dateModified\":\"2024-04-23T14:56:32+00:00\",\"inLanguage\":\"en-US\",\"potentialAction\":[{\"@type\":\"ReadAction\",\"target\":[\"https:\\\/\\\/seasideblankenberge.be\\\/fr\\\/contact\\\/\"]}]},{\"@type\":\"WebSite\",\"@id\":\"https:\\\/\\\/seasideblankenberge.be\\\/fr\\\/#website\",\"url\":\"https:\\\/\\\/seasideblankenberge.be\\\/fr\\\/\",\"name\":\"Seaside Blankenberge\",\"description\":\"\",\"potentialAction\":[{\"@type\":\"SearchAction\",\"target\":{\"@type\":\"EntryPoint\",\"urlTemplate\":\"https:\\\/\\\/seasideblankenberge.be\\\/fr\\\/?s={search_term_string}\"},\"query-input\":{\"@type\":\"PropertyValueSpecification\",\"valueRequired\":true,\"valueName\":\"search_term_string\"}}],\"inLanguage\":\"en-US\"}]}<\/script>\n<!-- \/ Yoast SEO plugin. -->","yoast_head_json":{"title":"Contact - Seaside Blankenberge","robots":{"index":"index","follow":"follow","max-snippet":"max-snippet:-1","max-image-preview":"max-image-preview:large","max-video-preview":"max-video-preview:-1"},"canonical":"https:\/\/seasideblankenberge.be\/fr\/contact\/","og_locale":"en_US","og_type":"article","og_title":"Contact - Seaside Blankenberge","og_description":"[vc_row gap=&#8221;35&#8243; row_content_width=&#8221;grid&#8221; css=&#8221;.vc_custom_1526638107972{padding-top: 81px !important;padding-bottom: 77px !important;}&#8221;][vc_column offset=&#8221;vc_col-lg-6 vc_col-md-12 vc_col-xs-12&#8243;][\/vc_column][vc_column offset=&#8221;vc_col-lg-6 vc_col-md-12 vc_col-xs-12&#8243;][vc_empty_space height=&#8221;19px&#8221;][vc_row_inner][vc_column_inner][\/vc_column_inner][\/vc_row_inner][\/vc_column][\/vc_row]","og_url":"https:\/\/seasideblankenberge.be\/fr\/contact\/","og_site_name":"Seaside Blankenberge","article_modified_time":"2024-04-23T14:56:32+00:00","twitter_card":"summary_large_image","twitter_misc":{"Est. reading time":"1 minute"},"schema":{"@context":"https:\/\/schema.org","@graph":[{"@type":"WebPage","@id":"https:\/\/seasideblankenberge.be\/fr\/contact\/","url":"https:\/\/seasideblankenberge.be\/fr\/contact\/","name":"Contact - Seaside Blankenberge","isPartOf":{"@id":"https:\/\/seasideblankenberge.be\/fr\/#website"},"datePublished":"2018-04-19T07:43:22+00:00","dateModified":"2024-04-23T14:56:32+00:00","inLanguage":"en-US","potentialAction":[{"@type":"ReadAction","target":["https:\/\/seasideblankenberge.be\/fr\/contact\/"]}]},{"@type":"WebSite","@id":"https:\/\/seasideblankenberge.be\/fr\/#website","url":"https:\/\/seasideblankenberge.be\/fr\/","name":"Seaside Blankenberge","description":"","potentialAction":[{"@type":"SearchAction","target":{"@type":"EntryPoint","urlTemplate":"https:\/\/seasideblankenberge.be\/fr\/?s={search_term_string}"},"query-input":{"@type":"PropertyValueSpecification","valueRequired":true,"valueName":"search_term_string"}}],"inLanguage":"en-US"}]}},"_links":{"self":[{"href":"https:\/\/seasideblankenberge.be\/fr\/wp-json\/wp\/v2\/pages\/448","targetHints":{"allow":["GET"]}}],"collection":[{"href":"https:\/\/seasideblankenberge.be\/fr\/wp-json\/wp\/v2\/pages"}],"about":[{"href":"https:\/\/seasideblankenberge.be\/fr\/wp-json\/wp\/v2\/types\/page"}],"author":[{"embeddable":true,"href":"https:\/\/seasideblankenberge.be\/fr\/wp-json\/wp\/v2\/users\/1"}],"replies":[{"embeddable":true,"href":"https:\/\/seasideblankenberge.be\/fr\/wp-json\/wp\/v2\/comments?post=448"}],"version-history":[{"count":11,"href":"https:\/\/seasideblankenberge.be\/fr\/wp-json\/wp\/v2\/pages\/448\/revisions"}],"predecessor-version":[{"id":4918,"href":"https:\/\/seasideblankenberge.be\/fr\/wp-json\/wp\/v2\/pages\/448\/revisions\/4918"}],"wp:attachment":[{"href":"https:\/\/seasideblankenberge.be\/fr\/wp-json\/wp\/v2\/media?parent=448"}],"curies":[{"name":"wp","href":"https:\/\/api.w.org\/{rel}","templated":true}]}}